{"id":658,"date":"2025-11-24T22:18:03","date_gmt":"2025-11-24T22:18:03","guid":{"rendered":"https:\/\/xfxstudios.com\/producto\/figura-retro-tv-recuerdos-en-resina\/"},"modified":"2026-02-06T12:07:54","modified_gmt":"2026-02-06T12:07:54","slug":"figura-retro-tv-recuerdos-en-resina","status":"publish","type":"product","link":"https:\/\/xfxstudios.com\/en\/producto\/figura-retro-tv-recuerdos-en-resina\/","title":{"rendered":"Figura Retro TV: Recuerdos en Resina"},"content":{"rendered":"","protected":false},"excerpt":{"rendered":"<p>Figura en resina de serie de TV ochentera.<\/p>\n","protected":false},"featured_media":635,"comment_status":"open","ping_status":"closed","template":"","meta":{"_acf_changed":false,"iawp_total_views":0},"marca":[110,67],"product_brand":[],"product_cat":[113,114],"product_tag":[115,116,117],"class_list":{"0":"post-658","1":"product","2":"type-product","3":"status-publish","4":"has-post-thumbnail","6":"marca-figuras-retro","7":"marca-xfx-studios","8":"product_cat-merchandising-en","9":"product_cat-quienes-somos-en","10":"product_tag-arte-retro-en","11":"product_tag-merchandising-en","12":"product_tag-resina-en","14":"first","15":"instock","16":"shipping-taxable","17":"purchasable","18":"product-type-simple"},"acf":[],"yoast_head":"<!-- This site is optimized with the Yoast SEO plugin v27.4 - https:\/\/yoast.com\/product\/yoast-seo-wordpress\/ -->\n<title>Figura Retro TV en Resina - XFX STUDIOS<\/title>\n<meta name=\"description\" content=\"Descubre la Figura Retro TV: Recuerdos en Resina, una pieza ochentera que combina arte y nostalgia. \u00a1A\u00f1\u00e1dela a tu colecci\u00f3n con env\u00edo gratis!\" \/>\n<meta name=\"robots\" content=\"index, follow, max-snippet:-1, max-image-preview:large, max-video-preview:-1\" \/>\n<link rel=\"canonical\" href=\"https:\/\/xfxstudios.com\/en\/producto\/figura-retro-tv-recuerdos-en-resina\/\" \/>\n<meta property=\"og:locale\" content=\"en_US\" \/>\n<meta property=\"og:type\" content=\"article\" \/>\n<meta property=\"og:title\" content=\"Figura Retro TV en Resina - XFX STUDIOS\" \/>\n<meta property=\"og:description\" content=\"Descubre la Figura Retro TV: Recuerdos en Resina, una pieza ochentera que combina arte y nostalgia. \u00a1A\u00f1\u00e1dela a tu colecci\u00f3n con env\u00edo gratis!\" \/>\n<meta property=\"og:url\" content=\"https:\/\/xfxstudios.com\/en\/producto\/figura-retro-tv-recuerdos-en-resina\/\" \/>\n<meta property=\"og:site_name\" content=\"XFX STUDIOS\" \/>\n<meta property=\"article:modified_time\" content=\"2026-02-06T12:07:54+00:00\" \/>\n<meta property=\"og:image\" content=\"https:\/\/xfxstudios.com\/wp-content\/uploads\/2025\/11\/Leonardo_Vision_XL_Una_figura_de_resina_detallada_de_un_person_0.jpg\" \/>\n\t<meta property=\"og:image:width\" content=\"1792\" \/>\n\t<meta property=\"og:image:height\" content=\"1456\" \/>\n\t<meta property=\"og:image:type\" content=\"image\/jpeg\" \/>\n<meta name=\"twitter:card\" content=\"summary_large_image\" \/>\n<!-- \/ Yoast SEO plugin. -->","yoast_head_json":{"title":"Figura Retro TV en Resina - XFX STUDIOS","description":"Descubre la Figura Retro TV: Recuerdos en Resina, una pieza ochentera que combina arte y nostalgia. \u00a1A\u00f1\u00e1dela a tu colecci\u00f3n con env\u00edo gratis!","robots":{"index":"index","follow":"follow","max-snippet":"max-snippet:-1","max-image-preview":"max-image-preview:large","max-video-preview":"max-video-preview:-1"},"canonical":"https:\/\/xfxstudios.com\/en\/producto\/figura-retro-tv-recuerdos-en-resina\/","og_locale":"en_US","og_type":"article","og_title":"Figura Retro TV en Resina - XFX STUDIOS","og_description":"Descubre la Figura Retro TV: Recuerdos en Resina, una pieza ochentera que combina arte y nostalgia. \u00a1A\u00f1\u00e1dela a tu colecci\u00f3n con env\u00edo gratis!","og_url":"https:\/\/xfxstudios.com\/en\/producto\/figura-retro-tv-recuerdos-en-resina\/","og_site_name":"XFX STUDIOS","article_modified_time":"2026-02-06T12:07:54+00:00","og_image":[{"width":1792,"height":1456,"url":"https:\/\/xfxstudios.com\/wp-content\/uploads\/2025\/11\/Leonardo_Vision_XL_Una_figura_de_resina_detallada_de_un_person_0.jpg","type":"image\/jpeg"}],"twitter_card":"summary_large_image","schema":{"@context":"https:\/\/schema.org","@graph":[{"@type":"WebPage","@id":"https:\/\/xfxstudios.com\/en\/producto\/figura-retro-tv-recuerdos-en-resina\/","url":"https:\/\/xfxstudios.com\/en\/producto\/figura-retro-tv-recuerdos-en-resina\/","name":"Figura Retro TV en Resina - XFX STUDIOS","isPartOf":{"@id":"https:\/\/xfxstudios.com\/en\/#website"},"primaryImageOfPage":{"@id":"https:\/\/xfxstudios.com\/en\/producto\/figura-retro-tv-recuerdos-en-resina\/#primaryimage"},"image":{"@id":"https:\/\/xfxstudios.com\/en\/producto\/figura-retro-tv-recuerdos-en-resina\/#primaryimage"},"thumbnailUrl":"https:\/\/xfxstudios.com\/wp-content\/uploads\/2025\/11\/Leonardo_Vision_XL_Una_figura_de_resina_detallada_de_un_person_0.jpg","datePublished":"2025-11-24T22:18:03+00:00","dateModified":"2026-02-06T12:07:54+00:00","description":"Descubre la Figura Retro TV: Recuerdos en Resina, una pieza ochentera que combina arte y nostalgia. \u00a1A\u00f1\u00e1dela a tu colecci\u00f3n con env\u00edo gratis!","breadcrumb":{"@id":"https:\/\/xfxstudios.com\/en\/producto\/figura-retro-tv-recuerdos-en-resina\/#breadcrumb"},"inLanguage":"en-US","potentialAction":[{"@type":"ReadAction","target":["https:\/\/xfxstudios.com\/en\/producto\/figura-retro-tv-recuerdos-en-resina\/"]}]},{"@type":"ImageObject","inLanguage":"en-US","@id":"https:\/\/xfxstudios.com\/en\/producto\/figura-retro-tv-recuerdos-en-resina\/#primaryimage","url":"https:\/\/xfxstudios.com\/wp-content\/uploads\/2025\/11\/Leonardo_Vision_XL_Una_figura_de_resina_detallada_de_un_person_0.jpg","contentUrl":"https:\/\/xfxstudios.com\/wp-content\/uploads\/2025\/11\/Leonardo_Vision_XL_Una_figura_de_resina_detallada_de_un_person_0.jpg","width":1792,"height":1456},{"@type":"BreadcrumbList","@id":"https:\/\/xfxstudios.com\/en\/producto\/figura-retro-tv-recuerdos-en-resina\/#breadcrumb","itemListElement":[{"@type":"ListItem","position":1,"name":"Portada","item":"https:\/\/xfxstudios.com\/en\/home\/"},{"@type":"ListItem","position":2,"name":"Tienda","item":"https:\/\/xfxstudios.com\/tienda\/"},{"@type":"ListItem","position":3,"name":"Figura Retro TV: Recuerdos en Resina"}]},{"@type":"WebSite","@id":"https:\/\/xfxstudios.com\/en\/#website","url":"https:\/\/xfxstudios.com\/en\/","name":"XFX STUDIOS","description":"","potentialAction":[{"@type":"SearchAction","target":{"@type":"EntryPoint","urlTemplate":"https:\/\/xfxstudios.com\/en\/?s={search_term_string}"},"query-input":{"@type":"PropertyValueSpecification","valueRequired":true,"valueName":"search_term_string"}}],"inLanguage":"en-US"}]}},"_links":{"self":[{"href":"https:\/\/xfxstudios.com\/en\/wp-json\/wp\/v2\/product\/658","targetHints":{"allow":["GET"]}}],"collection":[{"href":"https:\/\/xfxstudios.com\/en\/wp-json\/wp\/v2\/product"}],"about":[{"href":"https:\/\/xfxstudios.com\/en\/wp-json\/wp\/v2\/types\/product"}],"replies":[{"embeddable":true,"href":"https:\/\/xfxstudios.com\/en\/wp-json\/wp\/v2\/comments?post=658"}],"wp:featuredmedia":[{"embeddable":true,"href":"https:\/\/xfxstudios.com\/en\/wp-json\/wp\/v2\/media\/635"}],"wp:attachment":[{"href":"https:\/\/xfxstudios.com\/en\/wp-json\/wp\/v2\/media?parent=658"}],"wp:term":[{"taxonomy":"marca","embeddable":true,"href":"https:\/\/xfxstudios.com\/en\/wp-json\/wp\/v2\/marca?post=658"},{"taxonomy":"product_brand","embeddable":true,"href":"https:\/\/xfxstudios.com\/en\/wp-json\/wp\/v2\/product_brand?post=658"},{"taxonomy":"product_cat","embeddable":true,"href":"https:\/\/xfxstudios.com\/en\/wp-json\/wp\/v2\/product_cat?post=658"},{"taxonomy":"product_tag","embeddable":true,"href":"https:\/\/xfxstudios.com\/en\/wp-json\/wp\/v2\/product_tag?post=658"}],"curies":[{"name":"wp","href":"https:\/\/api.w.org\/{rel}","templated":true}]}}