{"id":660,"date":"2025-11-24T22:16:27","date_gmt":"2025-11-24T22:16:27","guid":{"rendered":"https:\/\/xfxstudios.com\/producto\/figura-retro-de-dibujos-animados-coleccion-clasica\/"},"modified":"2026-02-06T12:08:12","modified_gmt":"2026-02-06T12:08:12","slug":"figura-retro-de-dibujos-animados-coleccion-clasica","status":"publish","type":"product","link":"https:\/\/xfxstudios.com\/en\/producto\/figura-retro-de-dibujos-animados-coleccion-clasica\/","title":{"rendered":"Figura Retro de Dibujos Animados: Colecci\u00f3n Cl\u00e1sica"},"content":{"rendered":"","protected":false},"excerpt":{"rendered":"<p>Figura de resina 3D de personajes cl\u00e1sicos 80\/90. Edici\u00f3n limitada.<\/p>\n","protected":false},"featured_media":609,"comment_status":"open","ping_status":"closed","template":"","meta":{"_acf_changed":false,"iawp_total_views":0},"marca":[105,67],"product_brand":[],"product_cat":[122,123],"product_tag":[124,125,126],"class_list":{"0":"post-660","1":"product","2":"type-product","3":"status-publish","4":"has-post-thumbnail","6":"marca-retro-design","7":"marca-xfx-studios","8":"product_cat-figuras-en","9":"product_cat-inicio-en","10":"product_tag-arte-80s-en","11":"product_tag-figuras-90s-en","12":"product_tag-resina-3d-en","14":"first","15":"instock","16":"sale","17":"shipping-taxable","18":"purchasable","19":"product-type-simple"},"acf":[],"yoast_head":"<!-- This site is optimized with the Yoast SEO plugin v27.4 - https:\/\/yoast.com\/product\/yoast-seo-wordpress\/ -->\n<title>Figura Retro de Dibujos Animados - XFX Studios<\/title>\n<meta name=\"description\" content=\"Descubre la Figura Retro de Dibujos Animados en resina 3D. Edici\u00f3n limitada de la colecci\u00f3n cl\u00e1sica de XFX Studios. \u00a1La nostalgia de los 80 y 90 te espera! Precio especial y env\u00edo gratis.\" \/>\n<meta name=\"robots\" content=\"index, follow, max-snippet:-1, max-image-preview:large, max-video-preview:-1\" \/>\n<link rel=\"canonical\" href=\"https:\/\/xfxstudios.com\/en\/producto\/figura-retro-de-dibujos-animados-coleccion-clasica\/\" \/>\n<meta property=\"og:locale\" content=\"en_US\" \/>\n<meta property=\"og:type\" content=\"article\" \/>\n<meta property=\"og:title\" content=\"Figura Retro de Dibujos Animados - XFX Studios\" \/>\n<meta property=\"og:description\" content=\"Descubre la Figura Retro de Dibujos Animados en resina 3D. Edici\u00f3n limitada de la colecci\u00f3n cl\u00e1sica de XFX Studios. \u00a1La nostalgia de los 80 y 90 te espera! Precio especial y env\u00edo gratis.\" \/>\n<meta property=\"og:url\" content=\"https:\/\/xfxstudios.com\/en\/producto\/figura-retro-de-dibujos-animados-coleccion-clasica\/\" \/>\n<meta property=\"og:site_name\" content=\"XFX STUDIOS\" \/>\n<meta property=\"article:modified_time\" content=\"2026-02-06T12:08:12+00:00\" \/>\n<meta property=\"og:image\" content=\"https:\/\/xfxstudios.com\/wp-content\/uploads\/2025\/11\/Leonardo_Vision_XL_Crear_una_imagen_de_una_figura_de_resina_3D_0.jpg\" \/>\n\t<meta property=\"og:image:width\" content=\"1792\" \/>\n\t<meta property=\"og:image:height\" content=\"1456\" \/>\n\t<meta property=\"og:image:type\" content=\"image\/jpeg\" \/>\n<meta name=\"twitter:card\" content=\"summary_large_image\" \/>\n<!-- \/ Yoast SEO plugin. -->","yoast_head_json":{"title":"Figura Retro de Dibujos Animados - XFX Studios","description":"Descubre la Figura Retro de Dibujos Animados en resina 3D. Edici\u00f3n limitada de la colecci\u00f3n cl\u00e1sica de XFX Studios. \u00a1La nostalgia de los 80 y 90 te espera! Precio especial y env\u00edo gratis.","robots":{"index":"index","follow":"follow","max-snippet":"max-snippet:-1","max-image-preview":"max-image-preview:large","max-video-preview":"max-video-preview:-1"},"canonical":"https:\/\/xfxstudios.com\/en\/producto\/figura-retro-de-dibujos-animados-coleccion-clasica\/","og_locale":"en_US","og_type":"article","og_title":"Figura Retro de Dibujos Animados - XFX Studios","og_description":"Descubre la Figura Retro de Dibujos Animados en resina 3D. Edici\u00f3n limitada de la colecci\u00f3n cl\u00e1sica de XFX Studios. \u00a1La nostalgia de los 80 y 90 te espera! Precio especial y env\u00edo gratis.","og_url":"https:\/\/xfxstudios.com\/en\/producto\/figura-retro-de-dibujos-animados-coleccion-clasica\/","og_site_name":"XFX STUDIOS","article_modified_time":"2026-02-06T12:08:12+00:00","og_image":[{"width":1792,"height":1456,"url":"https:\/\/xfxstudios.com\/wp-content\/uploads\/2025\/11\/Leonardo_Vision_XL_Crear_una_imagen_de_una_figura_de_resina_3D_0.jpg","type":"image\/jpeg"}],"twitter_card":"summary_large_image","schema":{"@context":"https:\/\/schema.org","@graph":[{"@type":"WebPage","@id":"https:\/\/xfxstudios.com\/en\/producto\/figura-retro-de-dibujos-animados-coleccion-clasica\/","url":"https:\/\/xfxstudios.com\/en\/producto\/figura-retro-de-dibujos-animados-coleccion-clasica\/","name":"Figura Retro de Dibujos Animados - XFX Studios","isPartOf":{"@id":"https:\/\/xfxstudios.com\/en\/#website"},"primaryImageOfPage":{"@id":"https:\/\/xfxstudios.com\/en\/producto\/figura-retro-de-dibujos-animados-coleccion-clasica\/#primaryimage"},"image":{"@id":"https:\/\/xfxstudios.com\/en\/producto\/figura-retro-de-dibujos-animados-coleccion-clasica\/#primaryimage"},"thumbnailUrl":"https:\/\/xfxstudios.com\/wp-content\/uploads\/2025\/11\/Leonardo_Vision_XL_Crear_una_imagen_de_una_figura_de_resina_3D_0.jpg","datePublished":"2025-11-24T22:16:27+00:00","dateModified":"2026-02-06T12:08:12+00:00","description":"Descubre la Figura Retro de Dibujos Animados en resina 3D. Edici\u00f3n limitada de la colecci\u00f3n cl\u00e1sica de XFX Studios. \u00a1La nostalgia de los 80 y 90 te espera! Precio especial y env\u00edo gratis.","breadcrumb":{"@id":"https:\/\/xfxstudios.com\/en\/producto\/figura-retro-de-dibujos-animados-coleccion-clasica\/#breadcrumb"},"inLanguage":"en-US","potentialAction":[{"@type":"ReadAction","target":["https:\/\/xfxstudios.com\/en\/producto\/figura-retro-de-dibujos-animados-coleccion-clasica\/"]}]},{"@type":"ImageObject","inLanguage":"en-US","@id":"https:\/\/xfxstudios.com\/en\/producto\/figura-retro-de-dibujos-animados-coleccion-clasica\/#primaryimage","url":"https:\/\/xfxstudios.com\/wp-content\/uploads\/2025\/11\/Leonardo_Vision_XL_Crear_una_imagen_de_una_figura_de_resina_3D_0.jpg","contentUrl":"https:\/\/xfxstudios.com\/wp-content\/uploads\/2025\/11\/Leonardo_Vision_XL_Crear_una_imagen_de_una_figura_de_resina_3D_0.jpg","width":1792,"height":1456},{"@type":"BreadcrumbList","@id":"https:\/\/xfxstudios.com\/en\/producto\/figura-retro-de-dibujos-animados-coleccion-clasica\/#breadcrumb","itemListElement":[{"@type":"ListItem","position":1,"name":"Portada","item":"https:\/\/xfxstudios.com\/en\/home\/"},{"@type":"ListItem","position":2,"name":"Tienda","item":"https:\/\/xfxstudios.com\/tienda\/"},{"@type":"ListItem","position":3,"name":"Figura Retro de Dibujos Animados: Colecci\u00f3n Cl\u00e1sica"}]},{"@type":"WebSite","@id":"https:\/\/xfxstudios.com\/en\/#website","url":"https:\/\/xfxstudios.com\/en\/","name":"XFX STUDIOS","description":"","potentialAction":[{"@type":"SearchAction","target":{"@type":"EntryPoint","urlTemplate":"https:\/\/xfxstudios.com\/en\/?s={search_term_string}"},"query-input":{"@type":"PropertyValueSpecification","valueRequired":true,"valueName":"search_term_string"}}],"inLanguage":"en-US"}]}},"_links":{"self":[{"href":"https:\/\/xfxstudios.com\/en\/wp-json\/wp\/v2\/product\/660","targetHints":{"allow":["GET"]}}],"collection":[{"href":"https:\/\/xfxstudios.com\/en\/wp-json\/wp\/v2\/product"}],"about":[{"href":"https:\/\/xfxstudios.com\/en\/wp-json\/wp\/v2\/types\/product"}],"replies":[{"embeddable":true,"href":"https:\/\/xfxstudios.com\/en\/wp-json\/wp\/v2\/comments?post=660"}],"wp:featuredmedia":[{"embeddable":true,"href":"https:\/\/xfxstudios.com\/en\/wp-json\/wp\/v2\/media\/609"}],"wp:attachment":[{"href":"https:\/\/xfxstudios.com\/en\/wp-json\/wp\/v2\/media?parent=660"}],"wp:term":[{"taxonomy":"marca","embeddable":true,"href":"https:\/\/xfxstudios.com\/en\/wp-json\/wp\/v2\/marca?post=660"},{"taxonomy":"product_brand","embeddable":true,"href":"https:\/\/xfxstudios.com\/en\/wp-json\/wp\/v2\/product_brand?post=660"},{"taxonomy":"product_cat","embeddable":true,"href":"https:\/\/xfxstudios.com\/en\/wp-json\/wp\/v2\/product_cat?post=660"},{"taxonomy":"product_tag","embeddable":true,"href":"https:\/\/xfxstudios.com\/en\/wp-json\/wp\/v2\/product_tag?post=660"}],"curies":[{"name":"wp","href":"https:\/\/api.w.org\/{rel}","templated":true}]}}