{"id":665,"date":"2025-11-24T22:12:26","date_gmt":"2025-11-24T22:12:26","guid":{"rendered":"https:\/\/xfxstudios.com\/producto\/figura-de-coleccion-ed-limitada-heroes-80s\/"},"modified":"2026-02-06T12:08:58","modified_gmt":"2026-02-06T12:08:58","slug":"figura-de-coleccion-ed-limitada-heroes-80s","status":"publish","type":"product","link":"https:\/\/xfxstudios.com\/en\/producto\/figura-de-coleccion-ed-limitada-heroes-80s\/","title":{"rendered":"Figura de Colecci\u00f3n Ed. Limitada: H\u00e9roes 80s"},"content":{"rendered":"","protected":false},"excerpt":{"rendered":"<p>Figura en resina de h\u00e9roe de los 80s para entusiastas.<\/p>\n","protected":false},"featured_media":544,"comment_status":"open","ping_status":"closed","template":"","meta":{"_acf_changed":false,"iawp_total_views":0},"marca":[97,67],"product_brand":[],"product_cat":[118,119],"product_tag":[128,120,133],"class_list":{"0":"post-665","1":"product","2":"type-product","3":"status-publish","4":"has-post-thumbnail","6":"marca-heroes-retro","7":"marca-xfx-studios","8":"product_cat-coleccionismo-en","9":"product_cat-ediciones-limitadas-en","10":"product_tag-arte-en","11":"product_tag-coleccionismo-en","12":"product_tag-ediciones-limitadas-en","14":"first","15":"instock","16":"sale","17":"shipping-taxable","18":"purchasable","19":"product-type-simple"},"acf":[],"yoast_head":"<!-- This site is optimized with the Yoast SEO plugin v27.4 - https:\/\/yoast.com\/product\/yoast-seo-wordpress\/ -->\n<title>Figura de Colecci\u00f3n Limitada H\u00e9roes 80s - XFX Studios<\/title>\n<meta name=\"description\" content=\"Descubre la exclusiva figura de resina de los h\u00e9roes 80s, edici\u00f3n limitada disponible en XFX Studios. Aprovecha el env\u00edo gratis y 100 d\u00edas para devoluci\u00f3n.\" \/>\n<meta name=\"robots\" content=\"index, follow, max-snippet:-1, max-image-preview:large, max-video-preview:-1\" \/>\n<link rel=\"canonical\" href=\"https:\/\/xfxstudios.com\/en\/producto\/figura-de-coleccion-ed-limitada-heroes-80s\/\" \/>\n<meta property=\"og:locale\" content=\"en_US\" \/>\n<meta property=\"og:type\" content=\"article\" \/>\n<meta property=\"og:title\" content=\"Figura de Colecci\u00f3n Limitada H\u00e9roes 80s - XFX Studios\" \/>\n<meta property=\"og:description\" content=\"Descubre la exclusiva figura de resina de los h\u00e9roes 80s, edici\u00f3n limitada disponible en XFX Studios. Aprovecha el env\u00edo gratis y 100 d\u00edas para devoluci\u00f3n.\" \/>\n<meta property=\"og:url\" content=\"https:\/\/xfxstudios.com\/en\/producto\/figura-de-coleccion-ed-limitada-heroes-80s\/\" \/>\n<meta property=\"og:site_name\" content=\"XFX STUDIOS\" \/>\n<meta property=\"article:modified_time\" content=\"2026-02-06T12:08:58+00:00\" \/>\n<meta property=\"og:image\" content=\"https:\/\/xfxstudios.com\/wp-content\/uploads\/2025\/11\/Leonardo_Vision_XL_Diseo_de_figura_de_resina_en_3D_inspirada_e_0.jpg\" \/>\n\t<meta property=\"og:image:width\" content=\"1792\" \/>\n\t<meta property=\"og:image:height\" content=\"1456\" \/>\n\t<meta property=\"og:image:type\" content=\"image\/jpeg\" \/>\n<meta name=\"twitter:card\" content=\"summary_large_image\" \/>\n<!-- \/ Yoast SEO plugin. -->","yoast_head_json":{"title":"Figura de Colecci\u00f3n Limitada H\u00e9roes 80s - XFX Studios","description":"Descubre la exclusiva figura de resina de los h\u00e9roes 80s, edici\u00f3n limitada disponible en XFX Studios. Aprovecha el env\u00edo gratis y 100 d\u00edas para devoluci\u00f3n.","robots":{"index":"index","follow":"follow","max-snippet":"max-snippet:-1","max-image-preview":"max-image-preview:large","max-video-preview":"max-video-preview:-1"},"canonical":"https:\/\/xfxstudios.com\/en\/producto\/figura-de-coleccion-ed-limitada-heroes-80s\/","og_locale":"en_US","og_type":"article","og_title":"Figura de Colecci\u00f3n Limitada H\u00e9roes 80s - XFX Studios","og_description":"Descubre la exclusiva figura de resina de los h\u00e9roes 80s, edici\u00f3n limitada disponible en XFX Studios. Aprovecha el env\u00edo gratis y 100 d\u00edas para devoluci\u00f3n.","og_url":"https:\/\/xfxstudios.com\/en\/producto\/figura-de-coleccion-ed-limitada-heroes-80s\/","og_site_name":"XFX STUDIOS","article_modified_time":"2026-02-06T12:08:58+00:00","og_image":[{"width":1792,"height":1456,"url":"https:\/\/xfxstudios.com\/wp-content\/uploads\/2025\/11\/Leonardo_Vision_XL_Diseo_de_figura_de_resina_en_3D_inspirada_e_0.jpg","type":"image\/jpeg"}],"twitter_card":"summary_large_image","schema":{"@context":"https:\/\/schema.org","@graph":[{"@type":"WebPage","@id":"https:\/\/xfxstudios.com\/en\/producto\/figura-de-coleccion-ed-limitada-heroes-80s\/","url":"https:\/\/xfxstudios.com\/en\/producto\/figura-de-coleccion-ed-limitada-heroes-80s\/","name":"Figura de Colecci\u00f3n Limitada H\u00e9roes 80s - XFX Studios","isPartOf":{"@id":"https:\/\/xfxstudios.com\/en\/#website"},"primaryImageOfPage":{"@id":"https:\/\/xfxstudios.com\/en\/producto\/figura-de-coleccion-ed-limitada-heroes-80s\/#primaryimage"},"image":{"@id":"https:\/\/xfxstudios.com\/en\/producto\/figura-de-coleccion-ed-limitada-heroes-80s\/#primaryimage"},"thumbnailUrl":"https:\/\/xfxstudios.com\/wp-content\/uploads\/2025\/11\/Leonardo_Vision_XL_Diseo_de_figura_de_resina_en_3D_inspirada_e_0.jpg","datePublished":"2025-11-24T22:12:26+00:00","dateModified":"2026-02-06T12:08:58+00:00","description":"Descubre la exclusiva figura de resina de los h\u00e9roes 80s, edici\u00f3n limitada disponible en XFX Studios. Aprovecha el env\u00edo gratis y 100 d\u00edas para devoluci\u00f3n.","breadcrumb":{"@id":"https:\/\/xfxstudios.com\/en\/producto\/figura-de-coleccion-ed-limitada-heroes-80s\/#breadcrumb"},"inLanguage":"en-US","potentialAction":[{"@type":"ReadAction","target":["https:\/\/xfxstudios.com\/en\/producto\/figura-de-coleccion-ed-limitada-heroes-80s\/"]}]},{"@type":"ImageObject","inLanguage":"en-US","@id":"https:\/\/xfxstudios.com\/en\/producto\/figura-de-coleccion-ed-limitada-heroes-80s\/#primaryimage","url":"https:\/\/xfxstudios.com\/wp-content\/uploads\/2025\/11\/Leonardo_Vision_XL_Diseo_de_figura_de_resina_en_3D_inspirada_e_0.jpg","contentUrl":"https:\/\/xfxstudios.com\/wp-content\/uploads\/2025\/11\/Leonardo_Vision_XL_Diseo_de_figura_de_resina_en_3D_inspirada_e_0.jpg","width":1792,"height":1456},{"@type":"BreadcrumbList","@id":"https:\/\/xfxstudios.com\/en\/producto\/figura-de-coleccion-ed-limitada-heroes-80s\/#breadcrumb","itemListElement":[{"@type":"ListItem","position":1,"name":"Portada","item":"https:\/\/xfxstudios.com\/en\/home\/"},{"@type":"ListItem","position":2,"name":"Tienda","item":"https:\/\/xfxstudios.com\/tienda\/"},{"@type":"ListItem","position":3,"name":"Figura de Colecci\u00f3n Ed. Limitada: H\u00e9roes 80s"}]},{"@type":"WebSite","@id":"https:\/\/xfxstudios.com\/en\/#website","url":"https:\/\/xfxstudios.com\/en\/","name":"XFX STUDIOS","description":"","potentialAction":[{"@type":"SearchAction","target":{"@type":"EntryPoint","urlTemplate":"https:\/\/xfxstudios.com\/en\/?s={search_term_string}"},"query-input":{"@type":"PropertyValueSpecification","valueRequired":true,"valueName":"search_term_string"}}],"inLanguage":"en-US"}]}},"_links":{"self":[{"href":"https:\/\/xfxstudios.com\/en\/wp-json\/wp\/v2\/product\/665","targetHints":{"allow":["GET"]}}],"collection":[{"href":"https:\/\/xfxstudios.com\/en\/wp-json\/wp\/v2\/product"}],"about":[{"href":"https:\/\/xfxstudios.com\/en\/wp-json\/wp\/v2\/types\/product"}],"replies":[{"embeddable":true,"href":"https:\/\/xfxstudios.com\/en\/wp-json\/wp\/v2\/comments?post=665"}],"wp:featuredmedia":[{"embeddable":true,"href":"https:\/\/xfxstudios.com\/en\/wp-json\/wp\/v2\/media\/544"}],"wp:attachment":[{"href":"https:\/\/xfxstudios.com\/en\/wp-json\/wp\/v2\/media?parent=665"}],"wp:term":[{"taxonomy":"marca","embeddable":true,"href":"https:\/\/xfxstudios.com\/en\/wp-json\/wp\/v2\/marca?post=665"},{"taxonomy":"product_brand","embeddable":true,"href":"https:\/\/xfxstudios.com\/en\/wp-json\/wp\/v2\/product_brand?post=665"},{"taxonomy":"product_cat","embeddable":true,"href":"https:\/\/xfxstudios.com\/en\/wp-json\/wp\/v2\/product_cat?post=665"},{"taxonomy":"product_tag","embeddable":true,"href":"https:\/\/xfxstudios.com\/en\/wp-json\/wp\/v2\/product_tag?post=665"}],"curies":[{"name":"wp","href":"https:\/\/api.w.org\/{rel}","templated":true}]}}