{"id":715,"date":"2025-11-24T21:55:03","date_gmt":"2025-11-24T21:55:03","guid":{"rendered":"https:\/\/xfxstudios.com\/politica-de-envios-y-devoluciones\/"},"modified":"2026-02-15T08:27:11","modified_gmt":"2026-02-15T08:27:11","slug":"politica-de-envios-y-devoluciones","status":"publish","type":"page","link":"https:\/\/xfxstudios.com\/pt-pt\/politica-de-envios-y-devoluciones\/","title":{"rendered":"Pol\u00edtica de Env\u00edos y Devoluciones"},"content":{"rendered":"<section class=\"text_content_text_1_1 background-1-light\" data-block-id=\"69e22cb78d63269e22cb78d634\" data-block-name=\"acf\/textcontent-1-1\" data-post-id=\"715\" data-stable-id=\"block_b6b10f0bb128eed955a9f98184fb2e21\">\r\n    <div class=\"container\">\r\n        <div class=\"row\">\r\n            <div class=\"col\">\r\n                <div class=\"content-theme\">\r\n                                        <div class=\"texto color-1-headings-dark tamano7\">\r\n                        <h2 style=\"text-align: center;\">Pol\u00edtica de Env\u00edos y Devoluciones<\/h2>\n<h2><\/h2>\n<p>&nbsp;<\/p>\n<h3>Pol\u00edtica de Env\u00edos<\/h3>\n<p>&nbsp;<\/p>\n<h4>\u00c1mbito de Env\u00edo<\/h4>\n<p>Realizamos env\u00edos a todo el mundo. No obstante consultanos antes de realizar tu pedido en info@xfxstudios.com<\/p>\n<h4>Plazos de Entrega<\/h4>\n<p>Tras la confirmaci\u00f3n del pago, los tiempos de entrega estimados son los siguientes:<\/p>\n<ul>\n<li>Figuras con stock: las mandaremos tras confirmaci\u00f3n de pago, los tiempos de entrega son:\n<ul>\n<li>Peninsula y Baleares: 3 Dias<\/li>\n<li>Resto: 7-10 Dias<\/li>\n<\/ul>\n<\/li>\n<li>Figuras sin stock: Agendaremos tu pedido una vez confirmado el pago. Cuando tengamos tu figura realizada te la mandaremos<\/li>\n<\/ul>\n<p>Tenga en cuenta que los plazos de entrega pueden verse afectados por factores externos, como festivos, aduanas o retrasos log\u00edsticos.<\/p>\n<h4>Costos de Env\u00edo<\/h4>\n<p>El costo de env\u00edo se calcula en funci\u00f3n del destino y el peso del paquete. El valor del env\u00edo aparecer\u00e1 en el carrito de compra. Consultanos para cualquier duda.<\/p>\n<h4>Seguimiento del Pedido<\/h4>\n<p>Una vez enviado el pedido, recibir\u00e1 un correo con el n\u00famero de seguimiento y el enlace para rastrear su paquete a trav\u00e9s de correos.es<\/p>\n<h4>Problemas con la Entrega<\/h4>\n<p>Si su pedido no llega dentro del plazo estimado, por favor, cont\u00e1ctenos en juanbono@hotmail.es para gestionar la incidencia. En caso de p\u00e9rdida o da\u00f1o en el env\u00edo, trabajaremos con la empresa de mensajer\u00eda para ofrecer una soluci\u00f3n.<\/p>\n<h4>Env\u00edos Internacionales y Aduanas<\/h4>\n<p>Para pedidos fuera de Espa\u00f1a, los clientes son responsables de cualquier impuesto o arancel aduanero aplicable. No nos hacemos responsables de retrasos ocasionados por aduanas.<\/p>\n<h4>Direcci\u00f3n Incorrecta o No Reclamado<\/h4>\n<p>Si el paquete es devuelto debido a una direcci\u00f3n incorrecta proporcionada por el cliente o porque no ha sido reclamado, el comprador ser\u00e1 responsable de los gastos de reenv\u00edo.<\/p>\n<p>&nbsp;<\/p>\n<p>&nbsp;<\/p>\n<h3>Pol\u00edtica de Devoluciones<\/h3>\n<h4>Condiciones de la Devoluci\u00f3n<\/h4>\n<p>Para ser elegible para una devoluci\u00f3n, el producto debe cumplir con los siguientes requisitos:<\/p>\n<ul>\n<li>Estar en su estado original, sin usar y sin signos de desgaste.<\/li>\n<li>Conservar el embalaje original y todas sus etiquetas.<\/li>\n<li>No ser un producto excluido de devoluci\u00f3n (ver &#8220;Productos No Reembolsables&#8221;).<\/li>\n<\/ul>\n<h4>Proceso de Devoluci\u00f3n<\/h4>\n<ol>\n<li>Contacte con nuestro equipo de atenci\u00f3n al cliente en juanbono@hotmail.es indicando su n\u00famero de pedido y el motivo de la devoluci\u00f3n.<\/li>\n<li>Le proporcionaremos las instrucciones para el env\u00edo del producto a nuestra direcci\u00f3n en [direcci\u00f3n de devoluci\u00f3n].<\/li>\n<li>Una vez recibido y verificado el producto, procesaremos su reembolso en un plazo de 3 d\u00edas h\u00e1biles.<\/li>\n<\/ol>\n<h4>Costos de Devoluci\u00f3n<\/h4>\n<ul>\n<li>Si la devoluci\u00f3n es por un error nuestro (producto defectuoso, incorrecto, etc.), asumiremos los costos de devoluci\u00f3n.<\/li>\n<li>Si la devoluci\u00f3n es por un cambio de opini\u00f3n del cliente o por rotura del cliente, el comprador deber\u00e1 cubrir los costos de env\u00edo.<\/li>\n<\/ul>\n<h4>Reembolsos<\/h4>\n<p>Los reembolsos se emitir\u00e1n a trav\u00e9s del mismo m\u00e9todo de pago utilizado en la compra. Dependiendo de su banco o proveedor de pagos, el reembolso puede tardar entre 5-7 d\u00edas h\u00e1biles en reflejarse en su cuenta.<\/p>\n<h4>Productos No Reembolsables<\/h4>\n<p>No aceptamos devoluciones en los siguientes casos:<\/p>\n<ul>\n<li>Productos personalizados o hechos a medida.<\/li>\n<li>Art\u00edculos en oferta o liquidaci\u00f3n.<\/li>\n<li>Productos que se hayan manipulado indebidamente<\/li>\n<\/ul>\n<p>&nbsp;<\/p>\n                    <\/div>\r\n                                    <\/div>\r\n            <\/div>\r\n        <\/div>\r\n    <\/div>\r\n<\/section>\r\n<style>\r\n    .text_content_text_1_1 h1 {\r\n        padding-bottom: 60px;\r\n        font-size: var(--tamano1-font-size);\r\n        font-weight: var(--tamano1-font-weight);\r\n        line-height: var(--tamano1-line-height);\r\n        letter-spacing: var(--tamano1-letter-spacing);\r\n        font-family: var(--tamano1-font-family);\r\n        color: var(--color-2-headings-dark);\r\n    }\r\n\r\n    .text_content_text_1_1 h2 {\r\n        padding-bottom: 60px;\r\n        font-size: var(--tamano2-font-size);\r\n        font-weight: var(--tamano2-font-weight);\r\n        line-height: var(--tamano2-line-height);\r\n        letter-spacing: var(--tamano2-letter-spacing);\r\n        font-family: var(--tamano2-font-family);\r\n        color: var(--color-2-headings-dark);\r\n    }\r\n\r\n    .text_content_text_1_1 h3 {\r\n        padding-bottom: 60px;\r\n        font-size: var(--tamano3-font-size);\r\n        font-weight: var(--tamano3-font-weight);\r\n        line-height: var(--tamano3-line-height);\r\n        letter-spacing: var(--tamano3-letter-spacing);\r\n        font-family: var(--tamano3-font-family);\r\n        color: var(--color-2-headings-dark);\r\n    }\r\n\r\n    .text_content_text_1_1 h4 {\r\n        padding-bottom: 60px;\r\n        font-size: var(--tamano4-font-size);\r\n        font-weight: var(--tamano4-font-weight);\r\n        line-height: var(--tamano4-line-height);\r\n        letter-spacing: var(--tamano4-letter-spacing);\r\n        font-family: var(--tamano4-font-family);\r\n        color: var(--color-2-headings-dark);\r\n    }\r\n\r\n    .text_content_text_1_1 ul,\r\n    .text_content_text_1_1 ol {\r\n        padding-left: 20px;\r\n    }\r\n\r\n    .text_content_text_1_1 .row .col {\r\n        padding-top: 75px;\r\n        width: 100%;\r\n    }\r\n\r\n\r\n    .text_content_text_1_1 .texto {\r\n        margin-bottom: 50px;\r\n    }\r\n\r\n    .text_content_text_1_1 .texto * {\r\n        padding-bottom: 20px;\r\n    }\r\n\r\n\r\n    .text_content_text_1_1 .row {\r\n        display: flex;\r\n        gap: 0px;\r\n    }\r\n\r\n    .text_content_text_1_1 {\r\n        position: relative;\r\n        background-position: center;\r\n        background-repeat: no-repeat;\r\n        background-size: cover;\r\n        padding: 81px 150px;\r\n        margin-top: -1px;\r\n    }\r\n\r\n    @media (max-width:1750px) {\r\n        .text_content_text_1_1 .row {\r\n            gap: 100px;\r\n        }\r\n    }\r\n\r\n    @media (max-width:1550px) {\r\n        .text_content_text_1_1 {\r\n            padding-left: 50px;\r\n            padding-right: 50px;\r\n        }\r\n    }\r\n\r\n    @media (max-width:1350px) {\r\n        .text_content_text_1_1 .row {\r\n            gap: 30px;\r\n        }\r\n    }\r\n\r\n    @media (max-width:1200px) {\r\n        .text_content_text_1_1 {\r\n            padding-left: 0;\r\n            padding-right: 0;\r\n        }\r\n    }\r\n\r\n    @media (max-width:992px) {\r\n        .text_content_text_1_1 .row .col-left {\r\n            padding-top: 0;\r\n            max-width: 100%;\r\n        }\r\n\r\n        .text_content_text_1_1 .texto {\r\n            margin-bottom: 35px;\r\n        }\r\n\r\n        .text_content_text_1_1 h2 {\r\n            padding-bottom: 40px;\r\n        }\r\n\r\n        .text_content_text_1_1 {\r\n            padding: 40px 0;\r\n        }\r\n\r\n        .text_content_text_1_1 h1 {\r\n            font-size: var(--tamano1-font-size-mobile);\r\n        }\r\n\r\n        .text_content_text_1_1 h2 {\r\n            font-size: var(--tamano2-font-size-mobile);\r\n        }\r\n\r\n        .text_content_text_1_1 h3 {\r\n            font-size: var(--tamano3-font-size-mobile);\r\n        }\r\n\r\n        .text_content_text_1_1 h4 {\r\n            font-size: var(--tamano4-font-size-mobile);\r\n        }\r\n    }\r\n<\/style>\r\n","protected":false},"excerpt":{"rendered":"","protected":false},"author":2,"featured_media":0,"parent":0,"menu_order":0,"comment_status":"open","ping_status":"closed","template":"","meta":{"_acf_changed":false,"iawp_total_views":0,"footnotes":""},"class_list":["post-715","page","type-page","status-publish","hentry"],"acf":[],"yoast_head":"<!-- This site is optimized with the Yoast SEO plugin v27.4 - https:\/\/yoast.com\/product\/yoast-seo-wordpress\/ -->\n<title>Pol\u00edtica de Env\u00edos y Devoluciones - XFX STUDIOS<\/title>\n<meta name=\"description\" content=\"Descubre nuestras pol\u00edticas de env\u00edos y devoluciones. Env\u00edos nacionales e internacionales, seguimiento de pedidos y gesti\u00f3n de devoluciones en XFX STUDIOS.\" \/>\n<meta name=\"robots\" content=\"index, follow, max-snippet:-1, max-image-preview:large, max-video-preview:-1\" \/>\n<link rel=\"canonical\" href=\"https:\/\/xfxstudios.com\/pt-pt\/politica-de-envios-y-devoluciones\/\" \/>\n<meta property=\"og:locale\" content=\"pt_PT\" \/>\n<meta property=\"og:type\" content=\"article\" \/>\n<meta property=\"og:title\" content=\"Pol\u00edtica de Env\u00edos y Devoluciones - XFX STUDIOS\" \/>\n<meta property=\"og:description\" content=\"Descubre nuestras pol\u00edticas de env\u00edos y devoluciones. Env\u00edos nacionales e internacionales, seguimiento de pedidos y gesti\u00f3n de devoluciones en XFX STUDIOS.\" \/>\n<meta property=\"og:url\" content=\"https:\/\/xfxstudios.com\/pt-pt\/politica-de-envios-y-devoluciones\/\" \/>\n<meta property=\"og:site_name\" content=\"XFX STUDIOS\" \/>\n<meta property=\"article:modified_time\" content=\"2026-02-15T08:27:11+00:00\" \/>\n<meta name=\"twitter:card\" content=\"summary_large_image\" \/>\n<!-- \/ Yoast SEO plugin. -->","yoast_head_json":{"title":"Pol\u00edtica de Env\u00edos y Devoluciones - XFX STUDIOS","description":"Descubre nuestras pol\u00edticas de env\u00edos y devoluciones. Env\u00edos nacionales e internacionales, seguimiento de pedidos y gesti\u00f3n de devoluciones en XFX STUDIOS.","robots":{"index":"index","follow":"follow","max-snippet":"max-snippet:-1","max-image-preview":"max-image-preview:large","max-video-preview":"max-video-preview:-1"},"canonical":"https:\/\/xfxstudios.com\/pt-pt\/politica-de-envios-y-devoluciones\/","og_locale":"pt_PT","og_type":"article","og_title":"Pol\u00edtica de Env\u00edos y Devoluciones - XFX STUDIOS","og_description":"Descubre nuestras pol\u00edticas de env\u00edos y devoluciones. Env\u00edos nacionales e internacionales, seguimiento de pedidos y gesti\u00f3n de devoluciones en XFX STUDIOS.","og_url":"https:\/\/xfxstudios.com\/pt-pt\/politica-de-envios-y-devoluciones\/","og_site_name":"XFX STUDIOS","article_modified_time":"2026-02-15T08:27:11+00:00","twitter_card":"summary_large_image","schema":{"@context":"https:\/\/schema.org","@graph":[{"@type":"WebPage","@id":"https:\/\/xfxstudios.com\/pt-pt\/politica-de-envios-y-devoluciones\/","url":"https:\/\/xfxstudios.com\/pt-pt\/politica-de-envios-y-devoluciones\/","name":"Pol\u00edtica de Env\u00edos y Devoluciones - XFX STUDIOS","isPartOf":{"@id":"https:\/\/xfxstudios.com\/pt-pt\/#website"},"datePublished":"2025-11-24T21:55:03+00:00","dateModified":"2026-02-15T08:27:11+00:00","description":"Descubre nuestras pol\u00edticas de env\u00edos y devoluciones. Env\u00edos nacionales e internacionales, seguimiento de pedidos y gesti\u00f3n de devoluciones en XFX STUDIOS.","breadcrumb":{"@id":"https:\/\/xfxstudios.com\/pt-pt\/politica-de-envios-y-devoluciones\/#breadcrumb"},"inLanguage":"pt-PT","potentialAction":[{"@type":"ReadAction","target":["https:\/\/xfxstudios.com\/pt-pt\/politica-de-envios-y-devoluciones\/"]}]},{"@type":"BreadcrumbList","@id":"https:\/\/xfxstudios.com\/pt-pt\/politica-de-envios-y-devoluciones\/#breadcrumb","itemListElement":[{"@type":"ListItem","position":1,"name":"Portada","item":"https:\/\/xfxstudios.com\/pt-pt\/home\/"},{"@type":"ListItem","position":2,"name":"Pol\u00edtica de Env\u00edos y Devoluciones"}]},{"@type":"WebSite","@id":"https:\/\/xfxstudios.com\/pt-pt\/#website","url":"https:\/\/xfxstudios.com\/pt-pt\/","name":"XFX STUDIOS","description":"","potentialAction":[{"@type":"SearchAction","target":{"@type":"EntryPoint","urlTemplate":"https:\/\/xfxstudios.com\/pt-pt\/?s={search_term_string}"},"query-input":{"@type":"PropertyValueSpecification","valueRequired":true,"valueName":"search_term_string"}}],"inLanguage":"pt-PT"}]}},"_links":{"self":[{"href":"https:\/\/xfxstudios.com\/pt-pt\/wp-json\/wp\/v2\/pages\/715","targetHints":{"allow":["GET"]}}],"collection":[{"href":"https:\/\/xfxstudios.com\/pt-pt\/wp-json\/wp\/v2\/pages"}],"about":[{"href":"https:\/\/xfxstudios.com\/pt-pt\/wp-json\/wp\/v2\/types\/page"}],"author":[{"embeddable":true,"href":"https:\/\/xfxstudios.com\/pt-pt\/wp-json\/wp\/v2\/users\/2"}],"replies":[{"embeddable":true,"href":"https:\/\/xfxstudios.com\/pt-pt\/wp-json\/wp\/v2\/comments?post=715"}],"version-history":[{"count":2,"href":"https:\/\/xfxstudios.com\/pt-pt\/wp-json\/wp\/v2\/pages\/715\/revisions"}],"predecessor-version":[{"id":1203,"href":"https:\/\/xfxstudios.com\/pt-pt\/wp-json\/wp\/v2\/pages\/715\/revisions\/1203"}],"wp:attachment":[{"href":"https:\/\/xfxstudios.com\/pt-pt\/wp-json\/wp\/v2\/media?parent=715"}],"curies":[{"name":"wp","href":"https:\/\/api.w.org\/{rel}","templated":true}]}}