{"id":691,"date":"2025-11-24T22:08:18","date_gmt":"2025-11-24T22:08:18","guid":{"rendered":"https:\/\/xfxstudios.com\/producto\/figuras-retro-merchandising-xfx-studios\/"},"modified":"2026-02-06T12:09:44","modified_gmt":"2026-02-06T12:09:44","slug":"figuras-retro-merchandising-xfx-studios","status":"publish","type":"product","link":"https:\/\/xfxstudios.com\/pt-pt\/producto\/figuras-retro-merchandising-xfx-studios\/","title":{"rendered":"Figuras Retro Merchandising XFX STUDIOS"},"content":{"rendered":"","protected":false},"excerpt":{"rendered":"<p>Figuras de resina \u00fanicas de personajes ic\u00f3nicos de los 80\/90.<\/p>\n","protected":false},"featured_media":479,"comment_status":"open","ping_status":"closed","template":"","meta":{"_acf_changed":false,"iawp_total_views":0},"marca":[89,67],"product_brand":[],"product_cat":[149,150],"product_tag":[164,156,165],"class_list":{"0":"post-691","1":"product","2":"type-product","3":"status-publish","4":"has-post-thumbnail","6":"marca-coleccion-retro","7":"marca-xfx-studios","8":"product_cat-merchandising-pt-pt","9":"product_cat-quienes-somos-pt-pt","10":"product_tag-arte-pt-pt","11":"product_tag-coleccionismo-pt-pt","12":"product_tag-figuras-pt-pt","14":"first","15":"instock","16":"sale","17":"shipping-taxable","18":"purchasable","19":"product-type-simple"},"acf":[],"yoast_head":"<!-- This site is optimized with the Yoast SEO plugin v27.4 - https:\/\/yoast.com\/product\/yoast-seo-wordpress\/ -->\n<title>Figuras Retro XFX STUDIOS - Ofertas 50% Off<\/title>\n<meta name=\"description\" content=\"Descubre nuestras figuras de resina inspiradas en personajes ic\u00f3nicos de los 80\/90. Aprovecha el 50% de descuento y disfruta de env\u00edo gratis y 100 d\u00edas de devoluci\u00f3n en XFX STUDIOS.\" \/>\n<meta name=\"robots\" content=\"index, follow, max-snippet:-1, max-image-preview:large, max-video-preview:-1\" \/>\n<link rel=\"canonical\" href=\"https:\/\/xfxstudios.com\/pt-pt\/producto\/figuras-retro-merchandising-xfx-studios\/\" \/>\n<meta property=\"og:locale\" content=\"pt_PT\" \/>\n<meta property=\"og:type\" content=\"article\" \/>\n<meta property=\"og:title\" content=\"Figuras Retro XFX STUDIOS - Ofertas 50% Off\" \/>\n<meta property=\"og:description\" content=\"Descubre nuestras figuras de resina inspiradas en personajes ic\u00f3nicos de los 80\/90. Aprovecha el 50% de descuento y disfruta de env\u00edo gratis y 100 d\u00edas de devoluci\u00f3n en XFX STUDIOS.\" \/>\n<meta property=\"og:url\" content=\"https:\/\/xfxstudios.com\/pt-pt\/producto\/figuras-retro-merchandising-xfx-studios\/\" \/>\n<meta property=\"og:site_name\" content=\"XFX STUDIOS\" \/>\n<meta property=\"article:modified_time\" content=\"2026-02-06T12:09:44+00:00\" \/>\n<meta property=\"og:image\" content=\"https:\/\/xfxstudios.com\/wp-content\/uploads\/2025\/11\/Leonardo_Vision_XL_El_diseo_debe_mostrar_una_figura_de_resina_0.jpg\" \/>\n\t<meta property=\"og:image:width\" content=\"1792\" \/>\n\t<meta property=\"og:image:height\" content=\"1456\" \/>\n\t<meta property=\"og:image:type\" content=\"image\/jpeg\" \/>\n<meta name=\"twitter:card\" content=\"summary_large_image\" \/>\n<!-- \/ Yoast SEO plugin. -->","yoast_head_json":{"title":"Figuras Retro XFX STUDIOS - Ofertas 50% Off","description":"Descubre nuestras figuras de resina inspiradas en personajes ic\u00f3nicos de los 80\/90. Aprovecha el 50% de descuento y disfruta de env\u00edo gratis y 100 d\u00edas de devoluci\u00f3n en XFX STUDIOS.","robots":{"index":"index","follow":"follow","max-snippet":"max-snippet:-1","max-image-preview":"max-image-preview:large","max-video-preview":"max-video-preview:-1"},"canonical":"https:\/\/xfxstudios.com\/pt-pt\/producto\/figuras-retro-merchandising-xfx-studios\/","og_locale":"pt_PT","og_type":"article","og_title":"Figuras Retro XFX STUDIOS - Ofertas 50% Off","og_description":"Descubre nuestras figuras de resina inspiradas en personajes ic\u00f3nicos de los 80\/90. Aprovecha el 50% de descuento y disfruta de env\u00edo gratis y 100 d\u00edas de devoluci\u00f3n en XFX STUDIOS.","og_url":"https:\/\/xfxstudios.com\/pt-pt\/producto\/figuras-retro-merchandising-xfx-studios\/","og_site_name":"XFX STUDIOS","article_modified_time":"2026-02-06T12:09:44+00:00","og_image":[{"width":1792,"height":1456,"url":"https:\/\/xfxstudios.com\/wp-content\/uploads\/2025\/11\/Leonardo_Vision_XL_El_diseo_debe_mostrar_una_figura_de_resina_0.jpg","type":"image\/jpeg"}],"twitter_card":"summary_large_image","schema":{"@context":"https:\/\/schema.org","@graph":[{"@type":"WebPage","@id":"https:\/\/xfxstudios.com\/pt-pt\/producto\/figuras-retro-merchandising-xfx-studios\/","url":"https:\/\/xfxstudios.com\/pt-pt\/producto\/figuras-retro-merchandising-xfx-studios\/","name":"Figuras Retro XFX STUDIOS - Ofertas 50% Off","isPartOf":{"@id":"https:\/\/xfxstudios.com\/pt-pt\/#website"},"primaryImageOfPage":{"@id":"https:\/\/xfxstudios.com\/pt-pt\/producto\/figuras-retro-merchandising-xfx-studios\/#primaryimage"},"image":{"@id":"https:\/\/xfxstudios.com\/pt-pt\/producto\/figuras-retro-merchandising-xfx-studios\/#primaryimage"},"thumbnailUrl":"https:\/\/xfxstudios.com\/wp-content\/uploads\/2025\/11\/Leonardo_Vision_XL_El_diseo_debe_mostrar_una_figura_de_resina_0.jpg","datePublished":"2025-11-24T22:08:18+00:00","dateModified":"2026-02-06T12:09:44+00:00","description":"Descubre nuestras figuras de resina inspiradas en personajes ic\u00f3nicos de los 80\/90. Aprovecha el 50% de descuento y disfruta de env\u00edo gratis y 100 d\u00edas de devoluci\u00f3n en XFX STUDIOS.","breadcrumb":{"@id":"https:\/\/xfxstudios.com\/pt-pt\/producto\/figuras-retro-merchandising-xfx-studios\/#breadcrumb"},"inLanguage":"pt-PT","potentialAction":[{"@type":"ReadAction","target":["https:\/\/xfxstudios.com\/pt-pt\/producto\/figuras-retro-merchandising-xfx-studios\/"]}]},{"@type":"ImageObject","inLanguage":"pt-PT","@id":"https:\/\/xfxstudios.com\/pt-pt\/producto\/figuras-retro-merchandising-xfx-studios\/#primaryimage","url":"https:\/\/xfxstudios.com\/wp-content\/uploads\/2025\/11\/Leonardo_Vision_XL_El_diseo_debe_mostrar_una_figura_de_resina_0.jpg","contentUrl":"https:\/\/xfxstudios.com\/wp-content\/uploads\/2025\/11\/Leonardo_Vision_XL_El_diseo_debe_mostrar_una_figura_de_resina_0.jpg","width":1792,"height":1456},{"@type":"BreadcrumbList","@id":"https:\/\/xfxstudios.com\/pt-pt\/producto\/figuras-retro-merchandising-xfx-studios\/#breadcrumb","itemListElement":[{"@type":"ListItem","position":1,"name":"Portada","item":"https:\/\/xfxstudios.com\/pt-pt\/home\/"},{"@type":"ListItem","position":2,"name":"Tienda","item":"https:\/\/xfxstudios.com\/tienda\/"},{"@type":"ListItem","position":3,"name":"Figuras Retro Merchandising XFX STUDIOS"}]},{"@type":"WebSite","@id":"https:\/\/xfxstudios.com\/pt-pt\/#website","url":"https:\/\/xfxstudios.com\/pt-pt\/","name":"XFX STUDIOS","description":"","potentialAction":[{"@type":"SearchAction","target":{"@type":"EntryPoint","urlTemplate":"https:\/\/xfxstudios.com\/pt-pt\/?s={search_term_string}"},"query-input":{"@type":"PropertyValueSpecification","valueRequired":true,"valueName":"search_term_string"}}],"inLanguage":"pt-PT"}]}},"_links":{"self":[{"href":"https:\/\/xfxstudios.com\/pt-pt\/wp-json\/wp\/v2\/product\/691","targetHints":{"allow":["GET"]}}],"collection":[{"href":"https:\/\/xfxstudios.com\/pt-pt\/wp-json\/wp\/v2\/product"}],"about":[{"href":"https:\/\/xfxstudios.com\/pt-pt\/wp-json\/wp\/v2\/types\/product"}],"replies":[{"embeddable":true,"href":"https:\/\/xfxstudios.com\/pt-pt\/wp-json\/wp\/v2\/comments?post=691"}],"wp:featuredmedia":[{"embeddable":true,"href":"https:\/\/xfxstudios.com\/pt-pt\/wp-json\/wp\/v2\/media\/479"}],"wp:attachment":[{"href":"https:\/\/xfxstudios.com\/pt-pt\/wp-json\/wp\/v2\/media?parent=691"}],"wp:term":[{"taxonomy":"marca","embeddable":true,"href":"https:\/\/xfxstudios.com\/pt-pt\/wp-json\/wp\/v2\/marca?post=691"},{"taxonomy":"product_brand","embeddable":true,"href":"https:\/\/xfxstudios.com\/pt-pt\/wp-json\/wp\/v2\/product_brand?post=691"},{"taxonomy":"product_cat","embeddable":true,"href":"https:\/\/xfxstudios.com\/pt-pt\/wp-json\/wp\/v2\/product_cat?post=691"},{"taxonomy":"product_tag","embeddable":true,"href":"https:\/\/xfxstudios.com\/pt-pt\/wp-json\/wp\/v2\/product_tag?post=691"}],"curies":[{"name":"wp","href":"https:\/\/api.w.org\/{rel}","templated":true}]}}