{"id":697,"date":"2025-11-24T22:03:12","date_gmt":"2025-11-24T22:03:12","guid":{"rendered":"https:\/\/xfxstudios.com\/producto\/figura-retro-tv-heroes-de-los-80-90\/"},"modified":"2026-02-06T12:10:37","modified_gmt":"2026-02-06T12:10:37","slug":"figura-retro-tv-heroes-de-los-80-90","status":"publish","type":"product","link":"https:\/\/xfxstudios.com\/pt-pt\/producto\/figura-retro-tv-heroes-de-los-80-90\/","title":{"rendered":"Figura Retro TV: H\u00e9roes de los 80\/90"},"content":{"rendered":"","protected":false},"excerpt":{"rendered":"<p>Figura coleccionable de resina de h\u00e9roes retro de TV.<\/p>\n","protected":false},"featured_media":401,"comment_status":"open","ping_status":"closed","template":"","meta":{"_acf_changed":false,"iawp_total_views":0},"marca":[76,67],"product_brand":[],"product_cat":[149,150],"product_tag":[180,181,182],"class_list":{"0":"post-697","1":"product","2":"type-product","3":"status-publish","4":"has-post-thumbnail","6":"marca-arte-retro","7":"marca-xfx-studios","8":"product_cat-merchandising-pt-pt","9":"product_cat-quienes-somos-pt-pt","10":"product_tag-arte-coleccionable-pt-pt","11":"product_tag-figuras-80s-pt-pt","12":"product_tag-resina-personalizada-pt-pt","14":"first","15":"instock","16":"sale","17":"shipping-taxable","18":"purchasable","19":"product-type-simple"},"acf":[],"yoast_head":"<!-- This site is optimized with the Yoast SEO plugin v27.4 - https:\/\/yoast.com\/product\/yoast-seo-wordpress\/ -->\n<title>Figura Retro TV H\u00e9roes de los 80\/90 - Oferta Especial<\/title>\n<meta name=\"description\" content=\"Consigue la figura coleccionable de h\u00e9roes retro de los 80\/90 en XFX STUDIOS al mejor precio. Env\u00edo gratis y 100 d\u00edas de devoluci\u00f3n garantizados.\" \/>\n<meta name=\"robots\" content=\"index, follow, max-snippet:-1, max-image-preview:large, max-video-preview:-1\" \/>\n<link rel=\"canonical\" href=\"https:\/\/xfxstudios.com\/pt-pt\/producto\/figura-retro-tv-heroes-de-los-80-90\/\" \/>\n<meta property=\"og:locale\" content=\"pt_PT\" \/>\n<meta property=\"og:type\" content=\"article\" \/>\n<meta property=\"og:title\" content=\"Figura Retro TV H\u00e9roes de los 80\/90 - Oferta Especial\" \/>\n<meta property=\"og:description\" content=\"Consigue la figura coleccionable de h\u00e9roes retro de los 80\/90 en XFX STUDIOS al mejor precio. Env\u00edo gratis y 100 d\u00edas de devoluci\u00f3n garantizados.\" \/>\n<meta property=\"og:url\" content=\"https:\/\/xfxstudios.com\/pt-pt\/producto\/figura-retro-tv-heroes-de-los-80-90\/\" \/>\n<meta property=\"og:site_name\" content=\"XFX STUDIOS\" \/>\n<meta property=\"article:modified_time\" content=\"2026-02-06T12:10:37+00:00\" \/>\n<meta property=\"og:image\" content=\"https:\/\/xfxstudios.com\/wp-content\/uploads\/2025\/11\/Leonardo_Vision_XL_Figura_de_resina_detallada_inspirada_en_hro_0.jpg\" \/>\n\t<meta property=\"og:image:width\" content=\"1792\" \/>\n\t<meta property=\"og:image:height\" content=\"1456\" \/>\n\t<meta property=\"og:image:type\" content=\"image\/jpeg\" \/>\n<meta name=\"twitter:card\" content=\"summary_large_image\" \/>\n<!-- \/ Yoast SEO plugin. -->","yoast_head_json":{"title":"Figura Retro TV H\u00e9roes de los 80\/90 - Oferta Especial","description":"Consigue la figura coleccionable de h\u00e9roes retro de los 80\/90 en XFX STUDIOS al mejor precio. Env\u00edo gratis y 100 d\u00edas de devoluci\u00f3n garantizados.","robots":{"index":"index","follow":"follow","max-snippet":"max-snippet:-1","max-image-preview":"max-image-preview:large","max-video-preview":"max-video-preview:-1"},"canonical":"https:\/\/xfxstudios.com\/pt-pt\/producto\/figura-retro-tv-heroes-de-los-80-90\/","og_locale":"pt_PT","og_type":"article","og_title":"Figura Retro TV H\u00e9roes de los 80\/90 - Oferta Especial","og_description":"Consigue la figura coleccionable de h\u00e9roes retro de los 80\/90 en XFX STUDIOS al mejor precio. Env\u00edo gratis y 100 d\u00edas de devoluci\u00f3n garantizados.","og_url":"https:\/\/xfxstudios.com\/pt-pt\/producto\/figura-retro-tv-heroes-de-los-80-90\/","og_site_name":"XFX STUDIOS","article_modified_time":"2026-02-06T12:10:37+00:00","og_image":[{"width":1792,"height":1456,"url":"https:\/\/xfxstudios.com\/wp-content\/uploads\/2025\/11\/Leonardo_Vision_XL_Figura_de_resina_detallada_inspirada_en_hro_0.jpg","type":"image\/jpeg"}],"twitter_card":"summary_large_image","schema":{"@context":"https:\/\/schema.org","@graph":[{"@type":"WebPage","@id":"https:\/\/xfxstudios.com\/pt-pt\/producto\/figura-retro-tv-heroes-de-los-80-90\/","url":"https:\/\/xfxstudios.com\/pt-pt\/producto\/figura-retro-tv-heroes-de-los-80-90\/","name":"Figura Retro TV H\u00e9roes de los 80\/90 - Oferta Especial","isPartOf":{"@id":"https:\/\/xfxstudios.com\/pt-pt\/#website"},"primaryImageOfPage":{"@id":"https:\/\/xfxstudios.com\/pt-pt\/producto\/figura-retro-tv-heroes-de-los-80-90\/#primaryimage"},"image":{"@id":"https:\/\/xfxstudios.com\/pt-pt\/producto\/figura-retro-tv-heroes-de-los-80-90\/#primaryimage"},"thumbnailUrl":"https:\/\/xfxstudios.com\/wp-content\/uploads\/2025\/11\/Leonardo_Vision_XL_Figura_de_resina_detallada_inspirada_en_hro_0.jpg","datePublished":"2025-11-24T22:03:12+00:00","dateModified":"2026-02-06T12:10:37+00:00","description":"Consigue la figura coleccionable de h\u00e9roes retro de los 80\/90 en XFX STUDIOS al mejor precio. Env\u00edo gratis y 100 d\u00edas de devoluci\u00f3n garantizados.","breadcrumb":{"@id":"https:\/\/xfxstudios.com\/pt-pt\/producto\/figura-retro-tv-heroes-de-los-80-90\/#breadcrumb"},"inLanguage":"pt-PT","potentialAction":[{"@type":"ReadAction","target":["https:\/\/xfxstudios.com\/pt-pt\/producto\/figura-retro-tv-heroes-de-los-80-90\/"]}]},{"@type":"ImageObject","inLanguage":"pt-PT","@id":"https:\/\/xfxstudios.com\/pt-pt\/producto\/figura-retro-tv-heroes-de-los-80-90\/#primaryimage","url":"https:\/\/xfxstudios.com\/wp-content\/uploads\/2025\/11\/Leonardo_Vision_XL_Figura_de_resina_detallada_inspirada_en_hro_0.jpg","contentUrl":"https:\/\/xfxstudios.com\/wp-content\/uploads\/2025\/11\/Leonardo_Vision_XL_Figura_de_resina_detallada_inspirada_en_hro_0.jpg","width":1792,"height":1456},{"@type":"BreadcrumbList","@id":"https:\/\/xfxstudios.com\/pt-pt\/producto\/figura-retro-tv-heroes-de-los-80-90\/#breadcrumb","itemListElement":[{"@type":"ListItem","position":1,"name":"Portada","item":"https:\/\/xfxstudios.com\/pt-pt\/home\/"},{"@type":"ListItem","position":2,"name":"Tienda","item":"https:\/\/xfxstudios.com\/tienda\/"},{"@type":"ListItem","position":3,"name":"Figura Retro TV: H\u00e9roes de los 80\/90"}]},{"@type":"WebSite","@id":"https:\/\/xfxstudios.com\/pt-pt\/#website","url":"https:\/\/xfxstudios.com\/pt-pt\/","name":"XFX STUDIOS","description":"","potentialAction":[{"@type":"SearchAction","target":{"@type":"EntryPoint","urlTemplate":"https:\/\/xfxstudios.com\/pt-pt\/?s={search_term_string}"},"query-input":{"@type":"PropertyValueSpecification","valueRequired":true,"valueName":"search_term_string"}}],"inLanguage":"pt-PT"}]}},"_links":{"self":[{"href":"https:\/\/xfxstudios.com\/pt-pt\/wp-json\/wp\/v2\/product\/697","targetHints":{"allow":["GET"]}}],"collection":[{"href":"https:\/\/xfxstudios.com\/pt-pt\/wp-json\/wp\/v2\/product"}],"about":[{"href":"https:\/\/xfxstudios.com\/pt-pt\/wp-json\/wp\/v2\/types\/product"}],"replies":[{"embeddable":true,"href":"https:\/\/xfxstudios.com\/pt-pt\/wp-json\/wp\/v2\/comments?post=697"}],"wp:featuredmedia":[{"embeddable":true,"href":"https:\/\/xfxstudios.com\/pt-pt\/wp-json\/wp\/v2\/media\/401"}],"wp:attachment":[{"href":"https:\/\/xfxstudios.com\/pt-pt\/wp-json\/wp\/v2\/media?parent=697"}],"wp:term":[{"taxonomy":"marca","embeddable":true,"href":"https:\/\/xfxstudios.com\/pt-pt\/wp-json\/wp\/v2\/marca?post=697"},{"taxonomy":"product_brand","embeddable":true,"href":"https:\/\/xfxstudios.com\/pt-pt\/wp-json\/wp\/v2\/product_brand?post=697"},{"taxonomy":"product_cat","embeddable":true,"href":"https:\/\/xfxstudios.com\/pt-pt\/wp-json\/wp\/v2\/product_cat?post=697"},{"taxonomy":"product_tag","embeddable":true,"href":"https:\/\/xfxstudios.com\/pt-pt\/wp-json\/wp\/v2\/product_tag?post=697"}],"curies":[{"name":"wp","href":"https:\/\/api.w.org\/{rel}","templated":true}]}}